{"id":404,"date":"2023-11-05T11:45:08","date_gmt":"2023-11-05T11:45:08","guid":{"rendered":"https:\/\/hire.nbienias.com\/?page_id=3"},"modified":"2023-12-15T11:45:13","modified_gmt":"2023-12-15T11:45:13","slug":"privacy-policy","status":"publish","type":"page","link":"https:\/\/nbienias.com\/pl\/privacy-policy\/","title":{"rendered":"Polityka prywatno\u015bci"},"content":{"rendered":"\n<h1 class=\"wp-block-heading has-text-align-center\"><strong>Polityka prywatno\u015bci<\/strong><\/h1>\n\n\n\n<p>Niniejsza polityka prywatno\u015bci i plik\u00f3w cookies opisuje zasady post\u0119powania z danymi osobowymi oraz wykorzystywania plik\u00f3w cookies i innych technologii w ramach strony internetowej https:\/\/nbienias.com.<\/p>\n\n\n\n<p>Administratorem strony jest firma zebza z siedzib\u0105 w Amsterdamie, Holandii nale\u017c\u0105ca do Natalii Bienias.<\/p>\n\n\n\n<p>Kontakt z administratorem mo\u017cliwy pod pod adresem e-mail info@zebza.net.<\/p>\n\n\n\n<p><strong>\u00a71 Definicje<\/strong><\/p>\n\n\n\n<p>1.Na potrzeby niniejszej polityki prywatno\u015bci, przyjmuje si\u0119 nast\u0119puj\u0105ce znaczenie poni\u017cszych poj\u0119\u0107:<br>a) Administrator \u2013 firma zebza,<br>b) Strona \u2013 strona internetowa dost\u0119pna pod adresem https:\/\/nbienias.com,<br>c) U\u017cytkownik \u2013 ka\u017cdy podmiot, kt\u00f3ry korzysta ze Strony.<\/p>\n\n\n\n<p><strong>\u00a72 Dane osobowe<\/strong><\/p>\n\n\n\n<p>1. U\u017cytkownik mo\u017ce przekazywa\u0107 swoje dane osobowe Administratorowi za pomoc\u0105 formularzy dost\u0119pnych na Stronie, takich jak newsletter.<\/p>\n\n\n\n<p>2. Administratorem danych osobowych U\u017cytkownika jest Administrator.<\/p>\n\n\n\n<p>3. Dane przekazane Administratorowi w ramach formularza newsletter przetwarzane s\u0105 w celu informacji o nowo\u015bciach, promocjach i produktach pochodz\u0105cych od zebza.net oraz partner\u00f3w reklamowych.<\/p>\n\n\n\n<p>4. Administrator gwarantuje poufno\u015b\u0107 wszelkich przekazanych mu danych osobowych.<\/p>\n\n\n\n<p>5. Podanie danych jest zawsze dobrowolne, ale niezb\u0119dne do podj\u0119cia przez U\u017cytkownika akcji, do kt\u00f3rej przeznaczony jest dany formularz.<\/p>\n\n\n\n<p>6. Administrator nie udost\u0119pnia przekazanych mu danych jakimkolwiek podmiotom trzecim.<\/p>\n\n\n\n<p>7. Dane osobowe s\u0105 gromadzone z nale\u017cyt\u0105 staranno\u015bci\u0105 i odpowiednio chronione przed dost\u0119pem do nich przez osoby do tego nieupowa\u017cnione.<\/p>\n\n\n\n<p>8. U\u017cytkownikowi przys\u0142uguj\u0105 nast\u0119puj\u0105ce uprawnienia:<br>a) prawo do \u017c\u0105dania dost\u0119pu do danych osobowych dotycz\u0105cych osoby, kt\u00f3rej dane dotycz\u0105, ich sprostowania, usuni\u0119cia lub ograniczenia przetwarzania,<br>b) prawo do wniesienia sprzeciwu wobec przetwarzania,<br>c) prawo do przenoszenia danych,<br>d) prawo do cofni\u0119cia zgody na przetwarzanie danych osobowych w okre\u015blonym celu, je\u017celi U\u017cytkownik uprzednio tak\u0105 zgod\u0119 wyrazi\u0142,<br>e) prawo do wniesienia skargi do organu nadzorczego w zwi\u0105zku z przetwarzaniem danych osobowych przez Administratora<\/p>\n\n\n\n<p>9. Administrator informuje niniejszym U\u017cytkownika, \u017ce powierza przetwarzanie danych osobowych nast\u0119puj\u0105cym podmiotom:<br>a) Zenbox sp. z o.o. z siedzib\u0105 przy ul. D\u0105browskiego 7, 42-200 Cz\u0119stochowa \u2013 w celu przechowywania danych osobowych na serwerze,<br>b) UAB \u201cMailerLite\u201d, Paupio st. 46, LT-11341 Wilno, Litwa \u2013 w celu korzystania z systemu mailingowego Mailerlite, s\u0142u\u017c\u0105cego do przesy\u0142ania newslettera.<\/p>\n\n\n\n<p><strong>\u00a73 Pliki cookies<\/strong><\/p>\n\n\n\n<p>1. Administrator wykorzystuje pliki cookies (ciasteczka), czyli niewielkie informacje tekstowe, przechowywane na urz\u0105dzeniu ko\u0144cowym U\u017cytkownika (np. komputerze, tablecie, smartfonie). Cookies mog\u0105 by\u0107 odczytywane przez system teleinformatyczny Administratora.<\/p>\n\n\n\n<p>2. Administrator przechowuje pliki cookies na urz\u0105dzeniu ko\u0144cowym U\u017cytkownika, a nast\u0119pnie uzyskuje dost\u0119p do informacji w nich zawartych w celach statystycznych, w celach marketingowych (remarketing, odzyskiwanie porzuconych koszyk\u00f3w) oraz w celu zapewnienia prawid\u0142owego dzia\u0142ania Strony.<\/p>\n\n\n\n<p>3. Administrator informuje niniejszym U\u017cytkownika, \u017ce istnieje mo\u017cliwo\u015b\u0107 takiej konfiguracji przegl\u0105darki internetowej, kt\u00f3ra uniemo\u017cliwia przechowywanie plik\u00f3w cookies na urz\u0105dzeniu ko\u0144cowym U\u017cytkownika. W takiej sytuacji, korzystanie ze Strony przez U\u017cytkownika mo\u017ce by\u0107 utrudnione.<\/p>\n\n\n\n<p>4. Administrator wskazuje niniejszym, \u017ce pliki cookies mog\u0105 by\u0107 przez U\u017cytkownika usuni\u0119te po ich zapisaniu przez Administratora, poprzez odpowiednie funkcje przegl\u0105darki internetowej, programy s\u0142u\u017c\u0105ce w tym celu lub skorzystanie z odpowiednich narz\u0119dzi dost\u0119pnych w ramach systemu operacyjnego, z kt\u00f3rego korzysta U\u017cytkownik.<\/p>\n\n\n\n<p><strong>\u00a74 Inne technologie<\/strong><\/p>\n\n\n\n<p>1. Administrator informuje niniejszym U\u017cytkownika, \u017ce stosuje nast\u0119puj\u0105ce technologie \u015bledz\u0105ce dzia\u0142ania podejmowane przez U\u017cytkownika w ramach Strony:<br>a) kod \u015bledzenia Clarity Microsoft \u2013 w celu analizy statystyk Strony.<\/p>\n\n\n\n<p><strong>\u00a75 Logi serwera<\/strong><\/p>\n\n\n\n<p>1. Korzystanie ze Strony wi\u0105\u017ce si\u0119 z przesy\u0142aniem zapyta\u0144 do serwera, na kt\u00f3rym przechowywana jest Strona.<\/p>\n\n\n\n<p>2. Ka\u017cde zapytanie skierowane do serwera zapisywane jest w logach serwera. Logi obejmuj\u0105 m.in. adres IP U\u017cytkownika, dat\u0119 i czas serwera, informacje o przegl\u0105darce internetowej i systemie operacyjnym, z jakiego korzysta U\u017cytkownik.<\/p>\n\n\n\n<p>3. Logi zapisywane i przechowywane s\u0105 na serwerze.<\/p>\n\n\n\n<p>4. Dane zapisane w logach serwera nie s\u0105 kojarzone z konkretnymi osobami korzystaj\u0105cymi ze Strony i nie s\u0105 wykorzystywane przez Administratora w celu identyfikacji U\u017cytkownika.<\/p>\n\n\n\n<p>5. Logi serwera stanowi\u0105 wy\u0142\u0105cznie materia\u0142 pomocniczy s\u0142u\u017c\u0105cy do administrowania Stron\u0105, a ich zawarto\u015b\u0107 nie jest ujawniana nikomu poza osobami upowa\u017cnionymi do administrowania serwerem.<\/p>\n","protected":false},"excerpt":{"rendered":"<p>Polityka prywatno\u015bci Niniejsza polityka prywatno\u015bci i plik\u00f3w cookies opisuje zasady post\u0119powania z danymi osobowymi oraz wykorzystywania plik\u00f3w cookies i innych technologii w ramach strony internetowej https:\/\/nbienias.com. Administratorem strony jest firma zebza z siedzib\u0105 w Amsterdamie, Holandii nale\u017c\u0105ca do Natalii Bienias. Kontakt z administratorem mo\u017cliwy pod pod adresem e-mail info@zebza.net. \u00a71 Definicje 1.Na potrzeby niniejszej polityki [&hellip;]<\/p>\n","protected":false},"author":2,"featured_media":0,"parent":0,"menu_order":0,"comment_status":"closed","ping_status":"open","template":"","meta":{"footnotes":""},"class_list":["post-404","page","type-page","status-publish","hentry"],"_links":{"self":[{"href":"https:\/\/nbienias.com\/pl\/wp-json\/wp\/v2\/pages\/404","targetHints":{"allow":["GET"]}}],"collection":[{"href":"https:\/\/nbienias.com\/pl\/wp-json\/wp\/v2\/pages"}],"about":[{"href":"https:\/\/nbienias.com\/pl\/wp-json\/wp\/v2\/types\/page"}],"author":[{"embeddable":true,"href":"https:\/\/nbienias.com\/pl\/wp-json\/wp\/v2\/users\/2"}],"replies":[{"embeddable":true,"href":"https:\/\/nbienias.com\/pl\/wp-json\/wp\/v2\/comments?post=404"}],"version-history":[{"count":2,"href":"https:\/\/nbienias.com\/pl\/wp-json\/wp\/v2\/pages\/404\/revisions"}],"predecessor-version":[{"id":1033,"href":"https:\/\/nbienias.com\/pl\/wp-json\/wp\/v2\/pages\/404\/revisions\/1033"}],"wp:attachment":[{"href":"https:\/\/nbienias.com\/pl\/wp-json\/wp\/v2\/media?parent=404"}],"curies":[{"name":"wp","href":"https:\/\/api.w.org\/{rel}","templated":true}]}}