{"id":37,"date":"2023-11-08T20:27:57","date_gmt":"2023-11-08T20:27:57","guid":{"rendered":"https:\/\/hire.nbienias.com\/?page_id=37"},"modified":"2025-04-05T14:19:06","modified_gmt":"2025-04-05T14:19:06","slug":"kontakt","status":"publish","type":"page","link":"https:\/\/nbienias.com\/pl\/kontakt\/","title":{"rendered":"Kontakt"},"content":{"rendered":"\n<h1 class=\"wp-block-heading has-text-align-center\">Masz pytania?<\/h1>\n\n\n\n<p class=\"has-text-align-center\"><strong>Brak wolnych termin\u00f3w konsultacji na 2025, przepraszam!<\/strong><\/p>\n\n\n\n<p class=\"has-text-align-center\">Mo\u017cesz u\u017cy\u0107 poni\u017cszego kalendarza \u017ceby um\u00f3wi\u0107 kr\u00f3tkie, niezobowi\u0105zuj\u0105ce spotkanie lub po prostu napisa\u0107 na maila: byzebza@gmail.com.<\/p>\n\n\n\n<div class=\"wp-block-group alignfull has-base-background-color has-background is-vertical is-content-justification-center is-nowrap is-layout-flex wp-container-core-group-is-layout-fb6251ee wp-block-group-is-layout-flex\" style=\"min-height:0vh;margin-top:0;margin-bottom:0;padding-top:var(--wp--preset--spacing--30);padding-right:var(--wp--preset--spacing--50);padding-bottom:var(--wp--preset--spacing--30);padding-left:var(--wp--preset--spacing--50)\"><p><!--\nPut this code in place where you want to display your calendar\n--><\/p>\n<div\n        data-type=\"u\"\n        data-owner=\"zebza\"\n        data-slug=\"poznajmy-sie\"\n        data-primary=\"#000000\"\n        data-secondary=\"#7ed321\"\n        data-avatar=\"https:\/\/meetendly.fra1.digitaloceanspaces.com\/profile-images\/W7VGG7m0qocOeGJm6zhHIkUemWT9Xq.png\"\n        data-lang=\"pl\"\n        data-ampm=\"1\"\n        id=\"zencal-embed\"><\/div>\n<p><!--\nPut this code above the closing <\/body> tag\n--><br \/>\n<script data-cookieconsent=\"ignore\" src=\"https:\/\/app.zencal.io\/js\/zenbed.js?v=1700834058000\"><\/script><\/p>\n<\/div>\n","protected":false},"excerpt":{"rendered":"<p>Masz pytania? Brak wolnych termin\u00f3w konsultacji na 2025, przepraszam! Mo\u017cesz u\u017cy\u0107 poni\u017cszego kalendarza \u017ceby um\u00f3wi\u0107 kr\u00f3tkie, niezobowi\u0105zuj\u0105ce spotkanie lub po prostu napisa\u0107 na maila: byzebza@gmail.com.<\/p>\n","protected":false},"author":2,"featured_media":0,"parent":0,"menu_order":0,"comment_status":"closed","ping_status":"closed","template":"","meta":{"footnotes":""},"class_list":["post-37","page","type-page","status-publish","hentry"],"_links":{"self":[{"href":"https:\/\/nbienias.com\/pl\/wp-json\/wp\/v2\/pages\/37","targetHints":{"allow":["GET"]}}],"collection":[{"href":"https:\/\/nbienias.com\/pl\/wp-json\/wp\/v2\/pages"}],"about":[{"href":"https:\/\/nbienias.com\/pl\/wp-json\/wp\/v2\/types\/page"}],"author":[{"embeddable":true,"href":"https:\/\/nbienias.com\/pl\/wp-json\/wp\/v2\/users\/2"}],"replies":[{"embeddable":true,"href":"https:\/\/nbienias.com\/pl\/wp-json\/wp\/v2\/comments?post=37"}],"version-history":[{"count":8,"href":"https:\/\/nbienias.com\/pl\/wp-json\/wp\/v2\/pages\/37\/revisions"}],"predecessor-version":[{"id":1046,"href":"https:\/\/nbienias.com\/pl\/wp-json\/wp\/v2\/pages\/37\/revisions\/1046"}],"wp:attachment":[{"href":"https:\/\/nbienias.com\/pl\/wp-json\/wp\/v2\/media?parent=37"}],"curies":[{"name":"wp","href":"https:\/\/api.w.org\/{rel}","templated":true}]}}